{"id":1358,"date":"2023-10-23T09:22:03","date_gmt":"2023-10-23T09:22:03","guid":{"rendered":"https:\/\/contour-glas.nl\/glasverarbeitung\/"},"modified":"2023-10-23T09:22:03","modified_gmt":"2023-10-23T09:22:03","slug":"glasverarbeitung","status":"publish","type":"page","link":"https:\/\/contour-glas.nl\/de\/glasverarbeitung\/","title":{"rendered":"Glasverarbeitung"},"content":{"rendered":"","protected":false},"excerpt":{"rendered":"","protected":false},"author":1,"featured_media":0,"parent":0,"menu_order":0,"comment_status":"closed","ping_status":"closed","template":"","meta":{"footnotes":""},"class_list":["post-1358","page","type-page","status-publish","hentry"],"yoast_head":"<!-- This site is optimized with the Yoast SEO plugin v27.4 - https:\/\/yoast.com\/product\/yoast-seo-wordpress\/ -->\n<title>Glasverarbeitung - CONTOUR GLASBUIGERIJ<\/title>\n<meta name=\"description\" content=\"Durch die Verwendung von geh\u00e4rtetem Glas kann es in jede gew\u00fcnschte Form gebracht werden. Contour verf\u00fcgt \u00fcber langj\u00e4hrige Erfahrung in der Glasbearbeitung und ist Ihr Spezialist.\" \/>\n<meta name=\"robots\" content=\"index, follow, max-snippet:-1, max-image-preview:large, max-video-preview:-1\" \/>\n<link rel=\"canonical\" href=\"https:\/\/contour-glas.nl\/glasbewerkingen\/\" \/>\n<meta property=\"og:locale\" content=\"de_DE\" \/>\n<meta property=\"og:type\" content=\"article\" \/>\n<meta property=\"og:title\" content=\"Glasverarbeitung - CONTOUR GLASBUIGERIJ\" \/>\n<meta property=\"og:description\" content=\"Durch die Verwendung von geh\u00e4rtetem Glas kann es in jede gew\u00fcnschte Form gebracht werden. Contour verf\u00fcgt \u00fcber langj\u00e4hrige Erfahrung in der Glasbearbeitung und ist Ihr Spezialist.\" \/>\n<meta property=\"og:url\" content=\"https:\/\/contour-glas.nl\/glasbewerkingen\/\" \/>\n<meta property=\"og:site_name\" content=\"CONTOUR GLASBUIGERIJ\" \/>\n<meta name=\"twitter:card\" content=\"summary_large_image\" \/>\n<script type=\"application\/ld+json\" class=\"yoast-schema-graph\">{\"@context\":\"https:\\\/\\\/schema.org\",\"@graph\":[{\"@type\":\"WebPage\",\"@id\":\"https:\\\/\\\/contour-glas.nl\\\/glasbewerkingen\\\/\",\"url\":\"https:\\\/\\\/contour-glas.nl\\\/glasbewerkingen\\\/\",\"name\":\"Glasverarbeitung - CONTOUR GLASBUIGERIJ\",\"isPartOf\":{\"@id\":\"https:\\\/\\\/contour-glas.nl\\\/#website\"},\"datePublished\":\"2023-10-23T09:22:03+00:00\",\"description\":\"Durch die Verwendung von geh\u00e4rtetem Glas kann es in jede gew\u00fcnschte Form gebracht werden. Contour verf\u00fcgt \u00fcber langj\u00e4hrige Erfahrung in der Glasbearbeitung und ist Ihr Spezialist.\",\"breadcrumb\":{\"@id\":\"https:\\\/\\\/contour-glas.nl\\\/glasbewerkingen\\\/#breadcrumb\"},\"inLanguage\":\"de\",\"potentialAction\":[{\"@type\":\"ReadAction\",\"target\":[\"https:\\\/\\\/contour-glas.nl\\\/glasbewerkingen\\\/\"]}]},{\"@type\":\"BreadcrumbList\",\"@id\":\"https:\\\/\\\/contour-glas.nl\\\/glasbewerkingen\\\/#breadcrumb\",\"itemListElement\":[{\"@type\":\"ListItem\",\"position\":1,\"name\":\"Home\",\"item\":\"https:\\\/\\\/contour-glas.nl\\\/\"},{\"@type\":\"ListItem\",\"position\":2,\"name\":\"Glasverarbeitung\"}]},{\"@type\":\"WebSite\",\"@id\":\"https:\\\/\\\/contour-glas.nl\\\/#website\",\"url\":\"https:\\\/\\\/contour-glas.nl\\\/\",\"name\":\"CONTOUR GLASBUIGERIJ\",\"description\":\"onderdelen uit gebogen en gehard glas\",\"publisher\":{\"@id\":\"https:\\\/\\\/contour-glas.nl\\\/#organization\"},\"potentialAction\":[{\"@type\":\"SearchAction\",\"target\":{\"@type\":\"EntryPoint\",\"urlTemplate\":\"https:\\\/\\\/contour-glas.nl\\\/?s={search_term_string}\"},\"query-input\":{\"@type\":\"PropertyValueSpecification\",\"valueRequired\":true,\"valueName\":\"search_term_string\"}}],\"inLanguage\":\"de\"},{\"@type\":\"Organization\",\"@id\":\"https:\\\/\\\/contour-glas.nl\\\/#organization\",\"name\":\"Contour Glasbuigerij\",\"url\":\"https:\\\/\\\/contour-glas.nl\\\/\",\"logo\":{\"@type\":\"ImageObject\",\"inLanguage\":\"de\",\"@id\":\"https:\\\/\\\/contour-glas.nl\\\/#\\\/schema\\\/logo\\\/image\\\/\",\"url\":\"https:\\\/\\\/contour-glas.nl\\\/wp-content\\\/uploads\\\/2019\\\/12\\\/contour-logo-4.png\",\"contentUrl\":\"https:\\\/\\\/contour-glas.nl\\\/wp-content\\\/uploads\\\/2019\\\/12\\\/contour-logo-4.png\",\"width\":303,\"height\":89,\"caption\":\"Contour Glasbuigerij\"},\"image\":{\"@id\":\"https:\\\/\\\/contour-glas.nl\\\/#\\\/schema\\\/logo\\\/image\\\/\"}}]}<\/script>\n<!-- \/ Yoast SEO plugin. -->","yoast_head_json":{"title":"Glasverarbeitung - CONTOUR GLASBUIGERIJ","description":"Durch die Verwendung von geh\u00e4rtetem Glas kann es in jede gew\u00fcnschte Form gebracht werden. Contour verf\u00fcgt \u00fcber langj\u00e4hrige Erfahrung in der Glasbearbeitung und ist Ihr Spezialist.","robots":{"index":"index","follow":"follow","max-snippet":"max-snippet:-1","max-image-preview":"max-image-preview:large","max-video-preview":"max-video-preview:-1"},"canonical":"https:\/\/contour-glas.nl\/glasbewerkingen\/","og_locale":"de_DE","og_type":"article","og_title":"Glasverarbeitung - CONTOUR GLASBUIGERIJ","og_description":"Durch die Verwendung von geh\u00e4rtetem Glas kann es in jede gew\u00fcnschte Form gebracht werden. Contour verf\u00fcgt \u00fcber langj\u00e4hrige Erfahrung in der Glasbearbeitung und ist Ihr Spezialist.","og_url":"https:\/\/contour-glas.nl\/glasbewerkingen\/","og_site_name":"CONTOUR GLASBUIGERIJ","twitter_card":"summary_large_image","schema":{"@context":"https:\/\/schema.org","@graph":[{"@type":"WebPage","@id":"https:\/\/contour-glas.nl\/glasbewerkingen\/","url":"https:\/\/contour-glas.nl\/glasbewerkingen\/","name":"Glasverarbeitung - CONTOUR GLASBUIGERIJ","isPartOf":{"@id":"https:\/\/contour-glas.nl\/#website"},"datePublished":"2023-10-23T09:22:03+00:00","description":"Durch die Verwendung von geh\u00e4rtetem Glas kann es in jede gew\u00fcnschte Form gebracht werden. Contour verf\u00fcgt \u00fcber langj\u00e4hrige Erfahrung in der Glasbearbeitung und ist Ihr Spezialist.","breadcrumb":{"@id":"https:\/\/contour-glas.nl\/glasbewerkingen\/#breadcrumb"},"inLanguage":"de","potentialAction":[{"@type":"ReadAction","target":["https:\/\/contour-glas.nl\/glasbewerkingen\/"]}]},{"@type":"BreadcrumbList","@id":"https:\/\/contour-glas.nl\/glasbewerkingen\/#breadcrumb","itemListElement":[{"@type":"ListItem","position":1,"name":"Home","item":"https:\/\/contour-glas.nl\/"},{"@type":"ListItem","position":2,"name":"Glasverarbeitung"}]},{"@type":"WebSite","@id":"https:\/\/contour-glas.nl\/#website","url":"https:\/\/contour-glas.nl\/","name":"CONTOUR GLASBUIGERIJ","description":"onderdelen uit gebogen en gehard glas","publisher":{"@id":"https:\/\/contour-glas.nl\/#organization"},"potentialAction":[{"@type":"SearchAction","target":{"@type":"EntryPoint","urlTemplate":"https:\/\/contour-glas.nl\/?s={search_term_string}"},"query-input":{"@type":"PropertyValueSpecification","valueRequired":true,"valueName":"search_term_string"}}],"inLanguage":"de"},{"@type":"Organization","@id":"https:\/\/contour-glas.nl\/#organization","name":"Contour Glasbuigerij","url":"https:\/\/contour-glas.nl\/","logo":{"@type":"ImageObject","inLanguage":"de","@id":"https:\/\/contour-glas.nl\/#\/schema\/logo\/image\/","url":"https:\/\/contour-glas.nl\/wp-content\/uploads\/2019\/12\/contour-logo-4.png","contentUrl":"https:\/\/contour-glas.nl\/wp-content\/uploads\/2019\/12\/contour-logo-4.png","width":303,"height":89,"caption":"Contour Glasbuigerij"},"image":{"@id":"https:\/\/contour-glas.nl\/#\/schema\/logo\/image\/"}}]}},"_links":{"self":[{"href":"https:\/\/contour-glas.nl\/de\/wp-json\/wp\/v2\/pages\/1358","targetHints":{"allow":["GET"]}}],"collection":[{"href":"https:\/\/contour-glas.nl\/de\/wp-json\/wp\/v2\/pages"}],"about":[{"href":"https:\/\/contour-glas.nl\/de\/wp-json\/wp\/v2\/types\/page"}],"author":[{"embeddable":true,"href":"https:\/\/contour-glas.nl\/de\/wp-json\/wp\/v2\/users\/1"}],"replies":[{"embeddable":true,"href":"https:\/\/contour-glas.nl\/de\/wp-json\/wp\/v2\/comments?post=1358"}],"version-history":[{"count":0,"href":"https:\/\/contour-glas.nl\/de\/wp-json\/wp\/v2\/pages\/1358\/revisions"}],"wp:attachment":[{"href":"https:\/\/contour-glas.nl\/de\/wp-json\/wp\/v2\/media?parent=1358"}],"curies":[{"name":"wp","href":"https:\/\/api.w.org\/{rel}","templated":true}]}}